{"id":4073,"date":"2025-01-23T07:39:47","date_gmt":"2025-01-23T06:39:47","guid":{"rendered":"https:\/\/www.equineintegration.com\/?post_type=product&#038;p=4073"},"modified":"2026-03-27T16:54:10","modified_gmt":"2026-03-27T15:54:10","slug":"exercise-test","status":"publish","type":"product","link":"https:\/\/www.equineintegration.com\/nl\/product\/exercise-test\/","title":{"rendered":"Gestandaardiseerde fittest -Discipline specifiek"},"content":{"rendered":"<p data-start=\"481\" data-end=\"962\">We werken met een gestandaardiseerd fittestprotocol, dat wordt aangepast aan het <strong data-start=\"566\" data-end=\"593\">niveau en de discipline<\/strong> van jouw paard. Tijdens de fittest meten we uitgebreid de hartslag, snelheid en lactaatwaarden. Hiervoor wordt een paar keer een klein druppeltje bloed afgenomen bij je paard om de lactaatwaarde (mate van verzuring) te bepalen. Op basis van deze gegevens berekenen we specifieke <strong data-start=\"877\" data-end=\"899\">fitheidsparameters<\/strong>, die inzicht geven in de huidige trainingsstatus van je paard.<\/p>\n<p data-start=\"964\" data-end=\"1253\">Naast de fittest voeren we <strong data-start=\"991\" data-end=\"1018\">biomechanische metingen<\/strong> uit, zodat we v\u00f3\u00f3r en na de belasting kunnen zien hoe de training de beweging van je paard be\u00efnvloedt. Deze informatie nemen we mee in de totale fittest-analyse. Alle meetapparatuur tijdens de fittest wordt volledig door ons verzorgd.<\/p>\n<h3 data-start=\"1255\" data-end=\"1298\">Verschil per discipline<\/h3>\n<p data-start=\"1300\" data-end=\"1356\">De exacte opzet van de fittest verschilt per discipline:<\/p>\n<ul data-start=\"1358\" data-end=\"1688\">\n<li data-start=\"1358\" data-end=\"1533\">\n<p data-start=\"1360\" data-end=\"1533\"><strong data-start=\"1360\" data-end=\"1401\">Eventing, springen en marathon mennen<\/strong><br data-start=\"1401\" data-end=\"1404\" \/>Hiervoor gebruiken we een sportspecifieke fittest, afgestemd op de intensiteit en belasting die bij deze disciplines hoort.<\/p>\n<\/li>\n<li data-start=\"1535\" data-end=\"1688\">\n<p data-start=\"1537\" data-end=\"1688\"><strong data-start=\"1537\" data-end=\"1549\">Dressuur<\/strong><br data-start=\"1549\" data-end=\"1552\" \/>Bij dressuurpaarden ligt de focus meer op duur, kracht en herstel, met een lager belastingsprofiel dan bij de springsport of eventing, er wordt ook niet op de renbaan getest maar gewoon in een rijbaan.<\/p>\n<\/li>\n<\/ul>\n<p data-start=\"1690\" data-end=\"1961\"><strong data-start=\"1693\" data-end=\"1713\">Dierenarts-info:<\/strong><br data-start=\"1713\" data-end=\"1716\" \/>Een dierenarts is alleen nodig voor het prikken van bloed ten behoeve van de lactaatmetingen (enkel bij de disciplines eventing, springen, mennen).<\/p>\n<h3 data-start=\"2176\" data-end=\"2199\">Locatie &amp; kosten<\/h3>\n<p data-start=\"2201\" data-end=\"2229\">De fittest kan plaatsvinden:<\/p>\n<ul data-start=\"2231\" data-end=\"2412\">\n<li data-start=\"2231\" data-end=\"2331\">\n<p data-start=\"2233\" data-end=\"2331\">Op onze locatie in <strong data-start=\"2252\" data-end=\"2265\">Hoogeloon<\/strong> (Groenstraat 2c, 5528 NS)<br data-start=\"2291\" data-end=\"2294\" \/>\u2192 <strong data-start=\"2298\" data-end=\"2319\">\u20ac 299,- excl. btw<\/strong> per paard<\/p>\n<\/li>\n<li data-start=\"2332\" data-end=\"2412\">\n<p data-start=\"2334\" data-end=\"2412\">Op een <strong data-start=\"2341\" data-end=\"2372\">locatie elders in Nederland<\/strong><br data-start=\"2372\" data-end=\"2375\" \/>\u2192 <strong data-start=\"2379\" data-end=\"2400\">\u20ac 375,- excl. btw<\/strong> per paard<\/p>\n<\/li>\n<\/ul>\n<p data-start=\"2414\" data-end=\"2507\">Voor de bloedafnames zijn meestal <strong data-start=\"2448\" data-end=\"2464\">circa \u20ac 75,-<\/strong> dierenartskosten per paard van toepassing. Voor gebruik van de renbaan in Renswoude komt er <strong data-start=\"2448\" data-end=\"2464\">\u20ac 25,-<\/strong> bij qua kosten, daar direct te verrekenen op locatie.<\/p>\n<p data-start=\"2509\" data-end=\"2662\">Ben je ge\u00efnteresseerd in een fittest voor je paard, maar woon je niet in Nederland? Of\u00a0 wil je een fittest maar staat jouw discipline er niet bij? (IJslander sport, voltige, TREC etc)<br \/>\nMail naar <strong data-start=\"2608\" data-end=\"2639\"><a class=\"decorated-link cursor-pointer\" rel=\"noopener\" data-start=\"2610\" data-end=\"2637\">hello@equineintegration.com\u00a0<\/a><\/strong>voor de mogelijkheden.<\/p>\n","protected":false},"excerpt":{"rendered":"<p>We werken met een gestandaardiseerd fittestprotocol, dat wordt aangepast aan het niveau en de discipline van jouw paard. Tijdens de fittest meten we uitgebreid de hartslag, snelheid en lactaatwaarden. Hiervoor [&hellip;]<\/p>\n","protected":false},"featured_media":4338,"comment_status":"open","ping_status":"closed","template":"","meta":{"_acf_changed":false,"_price":"299.00","_stock":"","_tribe_ticket_header":"","_tribe_default_ticket_provider":"","_tribe_ticket_capacity":"0","_ticket_start_date":"","_ticket_end_date":"","_tribe_ticket_show_description":"","_tribe_ticket_show_not_going":false,"_tribe_ticket_use_global_stock":"","_tribe_ticket_global_stock_level":"","_global_stock_mode":"","_global_stock_cap":"","_tribe_rsvp_for_event":"","_tribe_ticket_going_count":"","_tribe_ticket_not_going_count":"","_tribe_tickets_list":"[]","_tribe_ticket_has_attendee_info_fields":false},"product_brand":[],"product_cat":[56],"product_tag":[],"class_list":{"0":"post-4073","1":"product","2":"type-product","3":"status-publish","4":"has-post-thumbnail","6":"product_cat-inspanningstesten","7":"wpbf-post","10":"instock","11":"taxable","12":"shipping-taxable","13":"purchasable","14":"product-type-variable"},"acf":[],"yoast_head":"<!-- This site is optimized with the Yoast SEO plugin v27.4 - https:\/\/yoast.com\/product\/yoast-seo-wordpress\/ -->\n<title>Gestandaardiseerde fittest -Discipline specifiek - equinte Integration<\/title>\n<meta name=\"robots\" content=\"index, follow, max-snippet:-1, max-image-preview:large, max-video-preview:-1\" \/>\n<link rel=\"canonical\" href=\"https:\/\/www.equineintegration.com\/nl\/product\/exercise-test\/\" \/>\n<meta property=\"og:locale\" content=\"nl_NL\" \/>\n<meta property=\"og:type\" content=\"article\" \/>\n<meta property=\"og:title\" content=\"Gestandaardiseerde fittest -Discipline specifiek - equinte Integration\" \/>\n<meta property=\"og:description\" content=\"We werken met een gestandaardiseerd fittestprotocol, dat wordt aangepast aan het niveau en de discipline van jouw paard. Tijdens de fittest meten we uitgebreid de hartslag, snelheid en lactaatwaarden. Hiervoor [&hellip;]\" \/>\n<meta property=\"og:url\" content=\"https:\/\/www.equineintegration.com\/nl\/product\/exercise-test\/\" \/>\n<meta property=\"og:site_name\" content=\"equinte Integration\" \/>\n<meta property=\"article:modified_time\" content=\"2026-03-27T15:54:10+00:00\" \/>\n<meta property=\"og:image\" content=\"https:\/\/www.equineintegration.com\/wp-content\/uploads\/2025\/01\/A37I6634-kopie.jpg\" \/>\n\t<meta property=\"og:image:width\" content=\"2000\" \/>\n\t<meta property=\"og:image:height\" content=\"1333\" \/>\n\t<meta property=\"og:image:type\" content=\"image\/jpeg\" \/>\n<meta name=\"twitter:card\" content=\"summary_large_image\" \/>\n<meta name=\"twitter:label1\" content=\"Geschatte leestijd\" \/>\n\t<meta name=\"twitter:data1\" content=\"2 minuten\" \/>\n<script type=\"application\/ld+json\" class=\"yoast-schema-graph\">{\"@context\":\"https:\\\/\\\/schema.org\",\"@graph\":[{\"@type\":\"WebPage\",\"@id\":\"https:\\\/\\\/www.equineintegration.com\\\/nl\\\/product\\\/exercise-test\\\/\",\"url\":\"https:\\\/\\\/www.equineintegration.com\\\/nl\\\/product\\\/exercise-test\\\/\",\"name\":\"Gestandaardiseerde fittest -Discipline specifiek - equinte Integration\",\"isPartOf\":{\"@id\":\"https:\\\/\\\/www.equineintegration.com\\\/nl\\\/#website\"},\"primaryImageOfPage\":{\"@id\":\"https:\\\/\\\/www.equineintegration.com\\\/nl\\\/product\\\/exercise-test\\\/#primaryimage\"},\"image\":{\"@id\":\"https:\\\/\\\/www.equineintegration.com\\\/nl\\\/product\\\/exercise-test\\\/#primaryimage\"},\"thumbnailUrl\":\"https:\\\/\\\/www.equineintegration.com\\\/wp-content\\\/uploads\\\/2025\\\/01\\\/A37I6634-kopie.jpg\",\"datePublished\":\"2025-01-23T06:39:47+00:00\",\"dateModified\":\"2026-03-27T15:54:10+00:00\",\"breadcrumb\":{\"@id\":\"https:\\\/\\\/www.equineintegration.com\\\/nl\\\/product\\\/exercise-test\\\/#breadcrumb\"},\"inLanguage\":\"nl-NL\",\"potentialAction\":[{\"@type\":\"ReadAction\",\"target\":[\"https:\\\/\\\/www.equineintegration.com\\\/nl\\\/product\\\/exercise-test\\\/\"]}]},{\"@type\":\"ImageObject\",\"inLanguage\":\"nl-NL\",\"@id\":\"https:\\\/\\\/www.equineintegration.com\\\/nl\\\/product\\\/exercise-test\\\/#primaryimage\",\"url\":\"https:\\\/\\\/www.equineintegration.com\\\/wp-content\\\/uploads\\\/2025\\\/01\\\/A37I6634-kopie.jpg\",\"contentUrl\":\"https:\\\/\\\/www.equineintegration.com\\\/wp-content\\\/uploads\\\/2025\\\/01\\\/A37I6634-kopie.jpg\",\"width\":2000,\"height\":1333},{\"@type\":\"BreadcrumbList\",\"@id\":\"https:\\\/\\\/www.equineintegration.com\\\/nl\\\/product\\\/exercise-test\\\/#breadcrumb\",\"itemListElement\":[{\"@type\":\"ListItem\",\"position\":1,\"name\":\"Home\",\"item\":\"https:\\\/\\\/www.equineintegration.com\\\/nl\\\/\"},{\"@type\":\"ListItem\",\"position\":2,\"name\":\"Winkelwagen-info\",\"item\":\"https:\\\/\\\/www.equineintegration.com\\\/nl\\\/winkelwagen-info\\\/\"},{\"@type\":\"ListItem\",\"position\":3,\"name\":\"Gestandaardiseerde fittest -Discipline specifiek\"}]},{\"@type\":\"WebSite\",\"@id\":\"https:\\\/\\\/www.equineintegration.com\\\/nl\\\/#website\",\"url\":\"https:\\\/\\\/www.equineintegration.com\\\/nl\\\/\",\"name\":\"equinte Integration\",\"description\":\"Equine Integration for Equine Intelligence\",\"publisher\":{\"@id\":\"https:\\\/\\\/www.equineintegration.com\\\/nl\\\/#organization\"},\"potentialAction\":[{\"@type\":\"SearchAction\",\"target\":{\"@type\":\"EntryPoint\",\"urlTemplate\":\"https:\\\/\\\/www.equineintegration.com\\\/nl\\\/?s={search_term_string}\"},\"query-input\":{\"@type\":\"PropertyValueSpecification\",\"valueRequired\":true,\"valueName\":\"search_term_string\"}}],\"inLanguage\":\"nl-NL\"},{\"@type\":\"Organization\",\"@id\":\"https:\\\/\\\/www.equineintegration.com\\\/nl\\\/#organization\",\"name\":\"Moxie Sport\",\"url\":\"https:\\\/\\\/www.equineintegration.com\\\/nl\\\/\",\"logo\":{\"@type\":\"ImageObject\",\"inLanguage\":\"nl-NL\",\"@id\":\"https:\\\/\\\/www.equineintegration.com\\\/nl\\\/#\\\/schema\\\/logo\\\/image\\\/\",\"url\":\"https:\\\/\\\/www.equineintegration.com\\\/wp-content\\\/uploads\\\/2018\\\/11\\\/logo-moxie.png\",\"contentUrl\":\"https:\\\/\\\/www.equineintegration.com\\\/wp-content\\\/uploads\\\/2018\\\/11\\\/logo-moxie.png\",\"width\":388,\"height\":160,\"caption\":\"Moxie Sport\"},\"image\":{\"@id\":\"https:\\\/\\\/www.equineintegration.com\\\/nl\\\/#\\\/schema\\\/logo\\\/image\\\/\"}}]}<\/script>\n<!-- \/ Yoast SEO plugin. -->","yoast_head_json":{"title":"Gestandaardiseerde fittest -Discipline specifiek - equinte Integration","robots":{"index":"index","follow":"follow","max-snippet":"max-snippet:-1","max-image-preview":"max-image-preview:large","max-video-preview":"max-video-preview:-1"},"canonical":"https:\/\/www.equineintegration.com\/nl\/product\/exercise-test\/","og_locale":"nl_NL","og_type":"article","og_title":"Gestandaardiseerde fittest -Discipline specifiek - equinte Integration","og_description":"We werken met een gestandaardiseerd fittestprotocol, dat wordt aangepast aan het niveau en de discipline van jouw paard. Tijdens de fittest meten we uitgebreid de hartslag, snelheid en lactaatwaarden. Hiervoor [&hellip;]","og_url":"https:\/\/www.equineintegration.com\/nl\/product\/exercise-test\/","og_site_name":"equinte Integration","article_modified_time":"2026-03-27T15:54:10+00:00","og_image":[{"width":2000,"height":1333,"url":"https:\/\/www.equineintegration.com\/wp-content\/uploads\/2025\/01\/A37I6634-kopie.jpg","type":"image\/jpeg"}],"twitter_card":"summary_large_image","twitter_misc":{"Geschatte leestijd":"2 minuten"},"schema":{"@context":"https:\/\/schema.org","@graph":[{"@type":"WebPage","@id":"https:\/\/www.equineintegration.com\/nl\/product\/exercise-test\/","url":"https:\/\/www.equineintegration.com\/nl\/product\/exercise-test\/","name":"Gestandaardiseerde fittest -Discipline specifiek - equinte Integration","isPartOf":{"@id":"https:\/\/www.equineintegration.com\/nl\/#website"},"primaryImageOfPage":{"@id":"https:\/\/www.equineintegration.com\/nl\/product\/exercise-test\/#primaryimage"},"image":{"@id":"https:\/\/www.equineintegration.com\/nl\/product\/exercise-test\/#primaryimage"},"thumbnailUrl":"https:\/\/www.equineintegration.com\/wp-content\/uploads\/2025\/01\/A37I6634-kopie.jpg","datePublished":"2025-01-23T06:39:47+00:00","dateModified":"2026-03-27T15:54:10+00:00","breadcrumb":{"@id":"https:\/\/www.equineintegration.com\/nl\/product\/exercise-test\/#breadcrumb"},"inLanguage":"nl-NL","potentialAction":[{"@type":"ReadAction","target":["https:\/\/www.equineintegration.com\/nl\/product\/exercise-test\/"]}]},{"@type":"ImageObject","inLanguage":"nl-NL","@id":"https:\/\/www.equineintegration.com\/nl\/product\/exercise-test\/#primaryimage","url":"https:\/\/www.equineintegration.com\/wp-content\/uploads\/2025\/01\/A37I6634-kopie.jpg","contentUrl":"https:\/\/www.equineintegration.com\/wp-content\/uploads\/2025\/01\/A37I6634-kopie.jpg","width":2000,"height":1333},{"@type":"BreadcrumbList","@id":"https:\/\/www.equineintegration.com\/nl\/product\/exercise-test\/#breadcrumb","itemListElement":[{"@type":"ListItem","position":1,"name":"Home","item":"https:\/\/www.equineintegration.com\/nl\/"},{"@type":"ListItem","position":2,"name":"Winkelwagen-info","item":"https:\/\/www.equineintegration.com\/nl\/winkelwagen-info\/"},{"@type":"ListItem","position":3,"name":"Gestandaardiseerde fittest -Discipline specifiek"}]},{"@type":"WebSite","@id":"https:\/\/www.equineintegration.com\/nl\/#website","url":"https:\/\/www.equineintegration.com\/nl\/","name":"equinte Integration","description":"Equine Integration for Equine Intelligence","publisher":{"@id":"https:\/\/www.equineintegration.com\/nl\/#organization"},"potentialAction":[{"@type":"SearchAction","target":{"@type":"EntryPoint","urlTemplate":"https:\/\/www.equineintegration.com\/nl\/?s={search_term_string}"},"query-input":{"@type":"PropertyValueSpecification","valueRequired":true,"valueName":"search_term_string"}}],"inLanguage":"nl-NL"},{"@type":"Organization","@id":"https:\/\/www.equineintegration.com\/nl\/#organization","name":"Moxie Sport","url":"https:\/\/www.equineintegration.com\/nl\/","logo":{"@type":"ImageObject","inLanguage":"nl-NL","@id":"https:\/\/www.equineintegration.com\/nl\/#\/schema\/logo\/image\/","url":"https:\/\/www.equineintegration.com\/wp-content\/uploads\/2018\/11\/logo-moxie.png","contentUrl":"https:\/\/www.equineintegration.com\/wp-content\/uploads\/2018\/11\/logo-moxie.png","width":388,"height":160,"caption":"Moxie Sport"},"image":{"@id":"https:\/\/www.equineintegration.com\/nl\/#\/schema\/logo\/image\/"}}]}},"_links":{"self":[{"href":"https:\/\/www.equineintegration.com\/nl\/wp-json\/wp\/v2\/product\/4073","targetHints":{"allow":["GET"]}}],"collection":[{"href":"https:\/\/www.equineintegration.com\/nl\/wp-json\/wp\/v2\/product"}],"about":[{"href":"https:\/\/www.equineintegration.com\/nl\/wp-json\/wp\/v2\/types\/product"}],"replies":[{"embeddable":true,"href":"https:\/\/www.equineintegration.com\/nl\/wp-json\/wp\/v2\/comments?post=4073"}],"wp:featuredmedia":[{"embeddable":true,"href":"https:\/\/www.equineintegration.com\/nl\/wp-json\/wp\/v2\/media\/4338"}],"wp:attachment":[{"href":"https:\/\/www.equineintegration.com\/nl\/wp-json\/wp\/v2\/media?parent=4073"}],"wp:term":[{"taxonomy":"product_brand","embeddable":true,"href":"https:\/\/www.equineintegration.com\/nl\/wp-json\/wp\/v2\/product_brand?post=4073"},{"taxonomy":"product_cat","embeddable":true,"href":"https:\/\/www.equineintegration.com\/nl\/wp-json\/wp\/v2\/product_cat?post=4073"},{"taxonomy":"product_tag","embeddable":true,"href":"https:\/\/www.equineintegration.com\/nl\/wp-json\/wp\/v2\/product_tag?post=4073"}],"curies":[{"name":"wp","href":"https:\/\/api.w.org\/{rel}","templated":true}]}}